{"id":8,"date":"2022-01-12T05:01:27","date_gmt":"2022-01-12T05:01:27","guid":{"rendered":"https:\/\/newharmony.pl\/?page_id=8"},"modified":"2025-07-30T10:33:00","modified_gmt":"2025-07-30T09:33:00","slug":"uslugi","status":"publish","type":"page","link":"https:\/\/newharmony.pl\/uslugi\/","title":{"rendered":"Nasze us\u0142ugi"},"content":{"rendered":"\n<p><a href=\"\/mgr-agata-ochab-fizjoterapia\/\"><\/a><\/p>\n\n\n\n<div class=\"tiles\" style=\"display: flex; flex-wrap: wrap; gap: 2rem; justify-content: center;\">\n\n  <!-- KAFEL 1: Fizjoterapia -->\n  <a href=\"\/mgr-agata-ochab-fizjoterapia\/\" style=\"flex: 1 1 300px; max-width: 360px; text-decoration: none; color: inherit; transition: transform 0.3s ease;\">\n    <div style=\"background: white; border-radius: 2rem; overflow: hidden; box-shadow: 0 6px 20px rgba(0,0,0,0.1); transition: all 0.3s ease-in-out; height: 100%; display: flex; flex-direction: column;\">\n      <img decoding=\"async\" src=\"https:\/\/via.placeholder.com\/600x400\/dfd7cc\/333?text=Fizjoterapia\" alt=\"Fizjoterapia\" style=\"width: 100%; height: auto;\">\n      <div style=\"padding: 1.5rem; flex-grow: 1;\">\n        <h2 style=\"font-size: 1.5rem; margin: 0 0 1rem; color: #663f3f;\">Fizjoterapia<\/h2>\n        <p style=\"font-size: 1rem; color: #444; line-height: 1.5;\">Indywidualna praca z cia\u0142em, napi\u0119ciami i postaw\u0105 \u2013 zgodna ze standardami zawodowymi, skupiona na funkcjonalnym ruchu, oddechu i \u015bwiadomym wsparciu cia\u0142a.<\/p>\n      <\/div>\n    <\/div>\n  <\/a>\n\n  <!-- KAFEL 2: Dietetyka -->\n  <a href=\"\/dietetyka-newharmony\/\" style=\"flex: 1 1 300px; max-width: 360px; text-decoration: none; color: inherit; transition: transform 0.3s ease;\">\n    <div style=\"background: white; border-radius: 2rem; overflow: hidden; box-shadow: 0 6px 20px rgba(0,0,0,0.1); transition: all 0.3s ease-in-out; height: 100%; display: flex; flex-direction: column;\">\n      <img decoding=\"async\" src=\"https:\/\/via.placeholder.com\/600x400\/efe7df\/333?text=Dietetyka\" alt=\"Dietetyka\" style=\"width: 100%; height: auto;\">\n      <div style=\"padding: 1.5rem; flex-grow: 1;\">\n        <h2 style=\"font-size: 1.5rem; margin: 0 0 1rem; color: #663f3f;\">Dietetyka<\/h2>\n        <p style=\"font-size: 1rem; color: #444; line-height: 1.5;\">Profesjonalne wsparcie dietetyczne \u2013 analiza sk\u0142adu cia\u0142a (TANITA-580), konsultacje i plany \u017cywieniowe dopasowane do Twoich potrzeb oraz cel\u00f3w zdrowotnych.<\/p>\n      <\/div>\n    <\/div>\n  <\/a>\n\n  <!-- KAFEL 3: Obserwacje bioinformacyjne (biorezonans) -->\n  <a href=\"\/biorezonans-newharmony\/\" style=\"flex: 1 1 300px; max-width: 360px; text-decoration: none; color: inherit; transition: transform 0.3s ease;\">\n    <div style=\"background: white; border-radius: 2rem; overflow: hidden; box-shadow: 0 6px 20px rgba(0,0,0,0.1); transition: all 0.3s ease-in-out; height: 100%; display: flex; flex-direction: column;\">\n      <img decoding=\"async\" src=\"https:\/\/via.placeholder.com\/600x400\/e8e0d8\/333?text=Obserwacje+bioinformacyjne\" alt=\"Obserwacje bioinformacyjne\" style=\"width: 100%; height: auto;\">\n      <div style=\"padding: 1.5rem; flex-grow: 1;\">\n        <h2 style=\"font-size: 1.5rem; margin: 0 0 1rem; color: #663f3f;\">Biorezonans \u2013 obserwacje bioinformacyjne<\/h2>\n        <p style=\"font-size: 1rem; color: #444; line-height: 1.5;\">Analiza reakcji organizmu na wybrane cz\u0119stotliwo\u015bci z wykorzystaniem urz\u0105dze\u0144 klasy wellness. Przestrze\u0144 do refleksji, \u015bwiadomej zmiany i wspierania r\u00f3wnowagi.<\/p>\n      <\/div>\n    <\/div>\n  <\/a>\n\n<\/div>\n\n\n\n<p><\/p>\n","protected":false},"excerpt":{"rendered":"<p>Fizjoterapia Indywidualna praca z cia\u0142em, napi\u0119ciami i postaw\u0105 \u2013 zgodna ze standardami zawodowymi, skupiona na funkcjonalnym ruchu, oddechu i \u015bwiadomym wsparciu cia\u0142a. Dietetyka Profesjonalne wsparcie dietetyczne \u2013 analiza sk\u0142adu cia\u0142a (TANITA-580), konsultacje i plany \u017cywieniowe &hellip; <\/p>\n","protected":false},"author":1,"featured_media":29,"parent":0,"menu_order":0,"comment_status":"closed","ping_status":"closed","template":"","meta":{"_acf_changed":false,"footnotes":""},"class_list":["post-8","page","type-page","status-publish","has-post-thumbnail","hentry"],"acf":[],"yoast_head":"<!-- This site is optimized with the Yoast SEO plugin v26.5 - https:\/\/yoast.com\/wordpress\/plugins\/seo\/ -->\n<title>Fizjoterapia, Dietetyka i Biorezonans w Gabinecie New Harmony<\/title>\n<meta name=\"description\" content=\"Poznaj ofert\u0119: fizjoterapia, dietetyka i obserwacje bioinformacyjne z u\u017cyciem technologii biorezonansu. Naturalne, profesjonalne podej\u015bcie!\" \/>\n<meta name=\"robots\" content=\"index, follow, max-snippet:-1, max-image-preview:large, max-video-preview:-1\" \/>\n<link rel=\"canonical\" href=\"https:\/\/newharmony.pl\/uslugi\/\" \/>\n<meta property=\"og:locale\" content=\"pl_PL\" \/>\n<meta property=\"og:type\" content=\"article\" \/>\n<meta property=\"og:title\" content=\"Fizjoterapia, Dietetyka i Biorezonans w Gabinecie New Harmony\" \/>\n<meta property=\"og:description\" content=\"Poznaj ofert\u0119: fizjoterapia, dietetyka i obserwacje bioinformacyjne z u\u017cyciem technologii biorezonansu. Naturalne, profesjonalne podej\u015bcie!\" \/>\n<meta property=\"og:url\" content=\"https:\/\/newharmony.pl\/uslugi\/\" \/>\n<meta property=\"og:site_name\" content=\"New Harmony\" \/>\n<meta property=\"article:modified_time\" content=\"2025-07-30T09:33:00+00:00\" \/>\n<meta property=\"og:image\" content=\"https:\/\/newharmony.pl\/wp-content\/uploads\/2022\/01\/pexels-photo-1125776-scaled.jpeg\" \/>\n\t<meta property=\"og:image:width\" content=\"2560\" \/>\n\t<meta property=\"og:image:height\" content=\"1440\" \/>\n\t<meta property=\"og:image:type\" content=\"image\/jpeg\" \/>\n<meta name=\"twitter:card\" content=\"summary_large_image\" \/>\n<meta name=\"twitter:label1\" content=\"Szacowany czas czytania\" \/>\n\t<meta name=\"twitter:data1\" content=\"2 minuty\" \/>\n<script type=\"application\/ld+json\" class=\"yoast-schema-graph\">{\"@context\":\"https:\/\/schema.org\",\"@graph\":[{\"@type\":\"WebPage\",\"@id\":\"https:\/\/newharmony.pl\/uslugi\/\",\"url\":\"https:\/\/newharmony.pl\/uslugi\/\",\"name\":\"Fizjoterapia, Dietetyka i Biorezonans w Gabinecie New Harmony\",\"isPartOf\":{\"@id\":\"https:\/\/newharmony.pl\/#website\"},\"primaryImageOfPage\":{\"@id\":\"https:\/\/newharmony.pl\/uslugi\/#primaryimage\"},\"image\":{\"@id\":\"https:\/\/newharmony.pl\/uslugi\/#primaryimage\"},\"thumbnailUrl\":\"https:\/\/newharmony.pl\/wp-content\/uploads\/2022\/01\/pexels-photo-1125776-scaled.jpeg\",\"datePublished\":\"2022-01-12T05:01:27+00:00\",\"dateModified\":\"2025-07-30T09:33:00+00:00\",\"description\":\"Poznaj ofert\u0119: fizjoterapia, dietetyka i obserwacje bioinformacyjne z u\u017cyciem technologii biorezonansu. Naturalne, profesjonalne podej\u015bcie!\",\"breadcrumb\":{\"@id\":\"https:\/\/newharmony.pl\/uslugi\/#breadcrumb\"},\"inLanguage\":\"pl-PL\",\"potentialAction\":[{\"@type\":\"ReadAction\",\"target\":[\"https:\/\/newharmony.pl\/uslugi\/\"]}]},{\"@type\":\"ImageObject\",\"inLanguage\":\"pl-PL\",\"@id\":\"https:\/\/newharmony.pl\/uslugi\/#primaryimage\",\"url\":\"https:\/\/newharmony.pl\/wp-content\/uploads\/2022\/01\/pexels-photo-1125776-scaled.jpeg\",\"contentUrl\":\"https:\/\/newharmony.pl\/wp-content\/uploads\/2022\/01\/pexels-photo-1125776-scaled.jpeg\",\"width\":2560,\"height\":1440},{\"@type\":\"BreadcrumbList\",\"@id\":\"https:\/\/newharmony.pl\/uslugi\/#breadcrumb\",\"itemListElement\":[{\"@type\":\"ListItem\",\"position\":1,\"name\":\"Strona g\u0142\u00f3wna\",\"item\":\"https:\/\/newharmony.pl\/pl\/\"},{\"@type\":\"ListItem\",\"position\":2,\"name\":\"Nasze us\u0142ugi\"}]},{\"@type\":\"WebSite\",\"@id\":\"https:\/\/newharmony.pl\/#website\",\"url\":\"https:\/\/newharmony.pl\/\",\"name\":\"New Harmony\",\"description\":\"Wr\u00f3\u0107 do swoich korzeni \u2013 znajd\u017a przestrze\u0144 dla r\u00f3wnowagi i harmonii\",\"publisher\":{\"@id\":\"https:\/\/newharmony.pl\/#organization\"},\"potentialAction\":[{\"@type\":\"SearchAction\",\"target\":{\"@type\":\"EntryPoint\",\"urlTemplate\":\"https:\/\/newharmony.pl\/?s={search_term_string}\"},\"query-input\":{\"@type\":\"PropertyValueSpecification\",\"valueRequired\":true,\"valueName\":\"search_term_string\"}}],\"inLanguage\":\"pl-PL\"},{\"@type\":\"Organization\",\"@id\":\"https:\/\/newharmony.pl\/#organization\",\"name\":\"New Harmony\",\"url\":\"https:\/\/newharmony.pl\/\",\"logo\":{\"@type\":\"ImageObject\",\"inLanguage\":\"pl-PL\",\"@id\":\"https:\/\/newharmony.pl\/#\/schema\/logo\/image\/\",\"url\":\"https:\/\/newharmony.pl\/wp-content\/uploads\/2023\/11\/cropped-cropped-LOGO-NH-2023-fb-1-1.jpg\",\"contentUrl\":\"https:\/\/newharmony.pl\/wp-content\/uploads\/2023\/11\/cropped-cropped-LOGO-NH-2023-fb-1-1.jpg\",\"width\":151,\"height\":87,\"caption\":\"New Harmony\"},\"image\":{\"@id\":\"https:\/\/newharmony.pl\/#\/schema\/logo\/image\/\"}}]}<\/script>\n<!-- \/ Yoast SEO plugin. -->","yoast_head_json":{"title":"Fizjoterapia, Dietetyka i Biorezonans w Gabinecie New Harmony","description":"Poznaj ofert\u0119: fizjoterapia, dietetyka i obserwacje bioinformacyjne z u\u017cyciem technologii biorezonansu. Naturalne, profesjonalne podej\u015bcie!","robots":{"index":"index","follow":"follow","max-snippet":"max-snippet:-1","max-image-preview":"max-image-preview:large","max-video-preview":"max-video-preview:-1"},"canonical":"https:\/\/newharmony.pl\/uslugi\/","og_locale":"pl_PL","og_type":"article","og_title":"Fizjoterapia, Dietetyka i Biorezonans w Gabinecie New Harmony","og_description":"Poznaj ofert\u0119: fizjoterapia, dietetyka i obserwacje bioinformacyjne z u\u017cyciem technologii biorezonansu. Naturalne, profesjonalne podej\u015bcie!","og_url":"https:\/\/newharmony.pl\/uslugi\/","og_site_name":"New Harmony","article_modified_time":"2025-07-30T09:33:00+00:00","og_image":[{"width":2560,"height":1440,"url":"https:\/\/newharmony.pl\/wp-content\/uploads\/2022\/01\/pexels-photo-1125776-scaled.jpeg","type":"image\/jpeg"}],"twitter_card":"summary_large_image","twitter_misc":{"Szacowany czas czytania":"2 minuty"},"schema":{"@context":"https:\/\/schema.org","@graph":[{"@type":"WebPage","@id":"https:\/\/newharmony.pl\/uslugi\/","url":"https:\/\/newharmony.pl\/uslugi\/","name":"Fizjoterapia, Dietetyka i Biorezonans w Gabinecie New Harmony","isPartOf":{"@id":"https:\/\/newharmony.pl\/#website"},"primaryImageOfPage":{"@id":"https:\/\/newharmony.pl\/uslugi\/#primaryimage"},"image":{"@id":"https:\/\/newharmony.pl\/uslugi\/#primaryimage"},"thumbnailUrl":"https:\/\/newharmony.pl\/wp-content\/uploads\/2022\/01\/pexels-photo-1125776-scaled.jpeg","datePublished":"2022-01-12T05:01:27+00:00","dateModified":"2025-07-30T09:33:00+00:00","description":"Poznaj ofert\u0119: fizjoterapia, dietetyka i obserwacje bioinformacyjne z u\u017cyciem technologii biorezonansu. Naturalne, profesjonalne podej\u015bcie!","breadcrumb":{"@id":"https:\/\/newharmony.pl\/uslugi\/#breadcrumb"},"inLanguage":"pl-PL","potentialAction":[{"@type":"ReadAction","target":["https:\/\/newharmony.pl\/uslugi\/"]}]},{"@type":"ImageObject","inLanguage":"pl-PL","@id":"https:\/\/newharmony.pl\/uslugi\/#primaryimage","url":"https:\/\/newharmony.pl\/wp-content\/uploads\/2022\/01\/pexels-photo-1125776-scaled.jpeg","contentUrl":"https:\/\/newharmony.pl\/wp-content\/uploads\/2022\/01\/pexels-photo-1125776-scaled.jpeg","width":2560,"height":1440},{"@type":"BreadcrumbList","@id":"https:\/\/newharmony.pl\/uslugi\/#breadcrumb","itemListElement":[{"@type":"ListItem","position":1,"name":"Strona g\u0142\u00f3wna","item":"https:\/\/newharmony.pl\/pl\/"},{"@type":"ListItem","position":2,"name":"Nasze us\u0142ugi"}]},{"@type":"WebSite","@id":"https:\/\/newharmony.pl\/#website","url":"https:\/\/newharmony.pl\/","name":"New Harmony","description":"Wr\u00f3\u0107 do swoich korzeni \u2013 znajd\u017a przestrze\u0144 dla r\u00f3wnowagi i harmonii","publisher":{"@id":"https:\/\/newharmony.pl\/#organization"},"potentialAction":[{"@type":"SearchAction","target":{"@type":"EntryPoint","urlTemplate":"https:\/\/newharmony.pl\/?s={search_term_string}"},"query-input":{"@type":"PropertyValueSpecification","valueRequired":true,"valueName":"search_term_string"}}],"inLanguage":"pl-PL"},{"@type":"Organization","@id":"https:\/\/newharmony.pl\/#organization","name":"New Harmony","url":"https:\/\/newharmony.pl\/","logo":{"@type":"ImageObject","inLanguage":"pl-PL","@id":"https:\/\/newharmony.pl\/#\/schema\/logo\/image\/","url":"https:\/\/newharmony.pl\/wp-content\/uploads\/2023\/11\/cropped-cropped-LOGO-NH-2023-fb-1-1.jpg","contentUrl":"https:\/\/newharmony.pl\/wp-content\/uploads\/2023\/11\/cropped-cropped-LOGO-NH-2023-fb-1-1.jpg","width":151,"height":87,"caption":"New Harmony"},"image":{"@id":"https:\/\/newharmony.pl\/#\/schema\/logo\/image\/"}}]}},"_links":{"self":[{"href":"https:\/\/newharmony.pl\/wp-json\/wp\/v2\/pages\/8","targetHints":{"allow":["GET"]}}],"collection":[{"href":"https:\/\/newharmony.pl\/wp-json\/wp\/v2\/pages"}],"about":[{"href":"https:\/\/newharmony.pl\/wp-json\/wp\/v2\/types\/page"}],"author":[{"embeddable":true,"href":"https:\/\/newharmony.pl\/wp-json\/wp\/v2\/users\/1"}],"replies":[{"embeddable":true,"href":"https:\/\/newharmony.pl\/wp-json\/wp\/v2\/comments?post=8"}],"version-history":[{"count":7,"href":"https:\/\/newharmony.pl\/wp-json\/wp\/v2\/pages\/8\/revisions"}],"predecessor-version":[{"id":612,"href":"https:\/\/newharmony.pl\/wp-json\/wp\/v2\/pages\/8\/revisions\/612"}],"wp:featuredmedia":[{"embeddable":true,"href":"https:\/\/newharmony.pl\/wp-json\/wp\/v2\/media\/29"}],"wp:attachment":[{"href":"https:\/\/newharmony.pl\/wp-json\/wp\/v2\/media?parent=8"}],"curies":[{"name":"wp","href":"https:\/\/api.w.org\/{rel}","templated":true}]}}